{"id":21535,"date":"2021-11-18T17:03:15","date_gmt":"2021-11-18T14:03:15","guid":{"rendered":"https:\/\/www.drhuseyinsancarbozkurt.com\/main-page\/"},"modified":"2025-04-16T13:43:34","modified_gmt":"2025-04-16T10:43:34","slug":"home","status":"publish","type":"page","link":"https:\/\/www.drhuseyinsancarbozkurt.com\/en\/home\/","title":{"rendered":"HOME"},"content":{"rendered":"<div class=\"wpb-content-wrapper\"><p>[vc_column][\/vc_column][vc_column][\/vc_column][vc_column]<div id=\"1608556356275-c0cf5ee6-fe1c\" class=\"dt-sc-empty-space\"><\/div>[\/vc_column][vc_row][vc_column width=&#8221;1\/2&#8243;]<div class='dt-sc-image-caption type3  ' data-delay='0'><div class='dt-sc-image-wrapper'><img loading=\"lazy\" decoding=\"async\" width=\"911\" height=\"608\" src=\"https:\/\/www.drhuseyinsancarbozkurt.com\/wp-content\/uploads\/2025\/03\/Isimsiz-2.jpg\" class=\"attachment-full\" alt=\"\" title=\"\u0130simsiz-2\" srcset=\"https:\/\/www.drhuseyinsancarbozkurt.com\/wp-content\/uploads\/2025\/03\/Isimsiz-2.jpg 911w, https:\/\/www.drhuseyinsancarbozkurt.com\/wp-content\/uploads\/2025\/03\/Isimsiz-2-768x513.jpg 768w, https:\/\/www.drhuseyinsancarbozkurt.com\/wp-content\/uploads\/2025\/03\/Isimsiz-2-750x501.jpg 750w, https:\/\/www.drhuseyinsancarbozkurt.com\/wp-content\/uploads\/2025\/03\/Isimsiz-2-570x380.jpg 570w, https:\/\/www.drhuseyinsancarbozkurt.com\/wp-content\/uploads\/2025\/03\/Isimsiz-2-600x400.jpg 600w, https:\/\/www.drhuseyinsancarbozkurt.com\/wp-content\/uploads\/2025\/03\/Isimsiz-2-540x360.jpg 540w\" sizes=\"auto, (max-width: 911px) 100vw, 911px\" \/><\/div><div class='dt-sc-image-content'><div class='dt-sc-image-title'><h3>Endoskopi<\/h3><\/div><p><p data-start=\"251\" data-end=\"594\">Endoskopi, v\u00fccudun i\u00e7 k\u0131sm\u0131ndaki organlar\u0131 incelemek i\u00e7in kullan\u0131lan bir t\u0131bbi prosed\u00fcrd\u00fcr. Bu i\u015flemde, u\u00e7 k\u0131sm\u0131nda bir kamera bulunan esnek bir t\u00fcp (endoskop) kullan\u0131l\u0131r. Endoskopi, sindirim sistemi ba\u015fta olmak \u00fczere v\u00fccudun bir\u00e7ok b\u00f6lgesindeki hastal\u0131klar\u0131 te\u015fhis etmek, tedavi etmek ve bazen cerrahi m\u00fcdahalelerde bulunmak amac\u0131yla yap\u0131l\u0131r. Gastroenterologlar, endoskopiyi genellikle mide, yemek borusu, ince ba\u011f\u0131rsak ve kal\u0131n ba\u011f\u0131rsa\u011f\u0131n erken te\u015fhisi i\u00e7in kullan\u0131rlar. Bu i\u015flem, hastalar\u0131n daha az invaziv bir y\u00f6ntemle hastal\u0131klar\u0131n\u0131 te\u015fhis etmelerine yard\u0131mc\u0131 olur.<\/p><\/p><\/div><\/div>[vc_btn title=&#8221;DAHA FAZLA&#8221; style=&#8221;gradient-custom&#8221; gradient_custom_color_1=&#8221;#2375BD&#8221; gradient_custom_color_2=&#8221;#5F99CD&#8221; shape=&#8221;square&#8221; size=&#8221;xs&#8221; align=&#8221;center&#8221; css=&#8221;&#8221; link=&#8221;url:https%3A%2F%2Fwww.drhuseyinsancarbozkurt.com%2Fendoskopi%2F&#8221;][\/vc_column][vc_column width=&#8221;1\/2&#8243;]<div class='dt-sc-image-caption type3  ' data-delay='0'><div class='dt-sc-image-wrapper'><img loading=\"lazy\" decoding=\"async\" width=\"735\" height=\"490\" src=\"https:\/\/www.drhuseyinsancarbozkurt.com\/wp-content\/uploads\/2025\/03\/Isimsiz-1.jpg\" class=\"attachment-full\" alt=\"\" title=\"\u0130simsiz-1\" srcset=\"https:\/\/www.drhuseyinsancarbozkurt.com\/wp-content\/uploads\/2025\/03\/Isimsiz-1.jpg 735w, https:\/\/www.drhuseyinsancarbozkurt.com\/wp-content\/uploads\/2025\/03\/Isimsiz-1-570x380.jpg 570w, https:\/\/www.drhuseyinsancarbozkurt.com\/wp-content\/uploads\/2025\/03\/Isimsiz-1-600x400.jpg 600w, https:\/\/www.drhuseyinsancarbozkurt.com\/wp-content\/uploads\/2025\/03\/Isimsiz-1-540x360.jpg 540w\" sizes=\"auto, (max-width: 735px) 100vw, 735px\" \/><\/div><div class='dt-sc-image-content'><div class='dt-sc-image-title'><h3>Kolonoskopi<\/h3><\/div><p><p data-start=\"245\" data-end=\"547\">Kolonoskopi, kal\u0131n ba\u011f\u0131rsa\u011f\u0131n i\u00e7ini incelemek amac\u0131yla yap\u0131lan bir t\u0131bbi prosed\u00fcrd\u00fcr. Bu i\u015flem s\u0131ras\u0131nda doktor, ince bir t\u00fcp olan <strong data-start=\"376\" data-end=\"390\">kolonoskop<\/strong>u kullanarak ba\u011f\u0131rsa\u011f\u0131n i\u00e7 y\u00fczeyini g\u00f6r\u00fcnt\u00fcler. Kolonoskopi, genellikle erken evre kanserlerin, poliplerin ve iltihabi hastal\u0131klar\u0131n tespiti i\u00e7in kullan\u0131l\u0131r.<\/p>\n<p data-start=\"245\" data-end=\"547\">Kolonoskopi, herhangi bir rahats\u0131zl\u0131k olmadan ve genellikle k\u0131sa s\u00fcreli bir i\u015flem olarak yap\u0131l\u0131r. Bu test, \u00f6zellikle 45 ya\u015f\u0131n \u00fczerindeki bireyler i\u00e7in d\u00fczenli aral\u0131klarla \u00f6nerilmektedir \u00e7\u00fcnk\u00fc bu ya\u015f grubunda kal\u0131n ba\u011f\u0131rsak kanseri riski artmaktad\u0131r.<\/p>\n<h3 data-start=\"805\" data-end=\"835\"><\/h3><\/p><\/div><\/div>[vc_btn title=&#8221;DAHA FAZLA&#8221; style=&#8221;gradient-custom&#8221; gradient_custom_color_1=&#8221;#2375BD&#8221; gradient_custom_color_2=&#8221;#5599CD&#8221; shape=&#8221;square&#8221; size=&#8221;xs&#8221; align=&#8221;center&#8221; css=&#8221;&#8221; link=&#8221;url:https%3A%2F%2Fwww.drhuseyinsancarbozkurt.com%2Fkolonoskopi%2F&#8221;][\/vc_column][\/vc_row][vc_section][vc_column][\/vc_column][vc_row][vc_column]<div id=\"1607973437206-6f71b519-9f67\" class=\"dt-sc-empty-space\"><\/div>[\/vc_column][\/vc_row][vc_row full_width=&#8221;stretch_row&#8221; css=&#8221;.vc_custom_1608550722049{padding-bottom: 60px !important;background-color: #f4f4f4 !important;background-position: 0 0 !important;background-repeat: no-repeat !important;}&#8221; addstyles=&#8221;background-position: right bottom !important;&#8221;][vc_column][vc_row_inner equal_height=&#8221;yes&#8221; content_placement=&#8221;middle&#8221;][vc_column_inner el_class=&#8221;rs_col-sm-12 rs_padding_override_default&#8221; width=&#8221;1\/2&#8243; addstyles=&#8221;position: static;&#8221; css=&#8221;.vc_custom_1561619658121{padding-right: 9% !important;}&#8221;]<div class=\"carousel_items custom-advance-image-carousel \" data-delay=\"0\"><div class=\"dt-sc-carousel-wrapper dt_carousel\" data-visible=\"1\" data-scroll=\"1\" data-auto=\"\" data-animation=\"none\">[vc_single_image image=&#8221;21724&#8243; img_size=&#8221;full&#8221; css=&#8221;.vc_custom_1741893774555{margin-top: 1px !important;margin-bottom: 0px !important;}&#8221; el_class=&#8221;custom-img-border&#8221;]<\/div><\/div>[\/vc_column_inner][vc_column_inner el_class=&#8221;rs_col-sm-12&#8243; width=&#8221;1\/2&#8243;]<div id=\"1561534126022-85da88a2-90ca\" class=\"dt-sc-empty-space\"><\/div><div class='dt-sc-title script-with-sub-title  ' data-delay='0'><h6 class='dt-sc-main-heading'>DR. H\u00dcSEY\u0130N SANCAR BOZKURT<\/h6><h3 class='dt-sc-sub-heading'>Uluslararas\u0131 Tan\u0131n\u0131rl\u0131k &amp; AGA Fellow (AGAF) \u00dcnvan\u0131<\/h3><\/div><div id=\"1561525629022-2e95a9eb-d7a0\" class=\"dt-sc-empty-space\"><\/div>[vc_custom_heading text=&#8221;Dr. H\u00fcseyin Sancar Bozkurt, gastroenteroloji alan\u0131ndaki \u00fcst\u00fcn bilimsel \u00e7al\u0131\u015fmalar\u0131 ve akademik ba\u015far\u0131lar\u0131 sayesinde, d\u00fcnyan\u0131n en prestijli t\u0131bbi organizasyonlar\u0131ndan biri olan American Gastroenterological Association (AGA) taraf\u0131ndan verilen \u201cAGA Fellow\u201d (AGAF) unvan\u0131na lay\u0131k g\u00f6r\u00fclm\u00fc\u015ft\u00fcr.<br \/>\nBu \u00fcnvan, sadece alan\u0131nda derin katk\u0131lar sunan, akademik ve klinik ba\u015far\u0131lar\u0131yla fark yaratan isimlere verilmektedir. Dr. Bozkurt, son 20 y\u0131lda bu \u00fcnvana lay\u0131k g\u00f6r\u00fclen yaln\u0131zca iki, son 11 y\u0131lda ise tek T\u00fcrk hekim olma ba\u015far\u0131s\u0131n\u0131 g\u00f6stermi\u015ftir. Ayn\u0131 zamanda, bu \u00fcnvana sahip en gen\u00e7 T\u00fcrk gastroenterolog olarak ad\u0131n\u0131 tarihe yazd\u0131rm\u0131\u015ft\u0131r.<br \/>\nDr. Bozkurt\u2019un bu prestijli \u00f6d\u00fcl\u00fc almas\u0131, yaln\u0131zca bireysel bir kariyer ba\u015far\u0131s\u0131 de\u011fil, T\u00fcrkiye\u2019nin t\u0131p d\u00fcnyas\u0131ndaki y\u00fckselen konumunun da \u00f6nemli bir g\u00f6stergesidir. Uluslararas\u0131 alanda \u00fclkemizi ba\u015far\u0131yla temsil eden Dr. Bozkurt, gastroenteroloji alan\u0131ndaki akademik katk\u0131lar\u0131, yenilik\u00e7i \u00e7al\u0131\u015fmalar\u0131 ve hastalar\u0131na sundu\u011fu y\u00fcksek kaliteli sa\u011fl\u0131k hizmetleriyle, gen\u00e7 hekimlere de ilham kayna\u011f\u0131 olmaya devam etmektedir.&#8221; font_container=&#8221;tag:p|text_align:left|color:%2304335D&#8221; use_theme_fonts=&#8221;yes&#8221; css=&#8221;&#8221;]<div id=\"1603459773289-15cad344-e7c8\" class=\"dt-sc-empty-space\"><\/div>[\/vc_column_inner][\/vc_row_inner][\/vc_column][\/vc_row][\/vc_section][vc_section][vc_row][vc_column][\/vc_column][\/vc_row][vc_row][vc_column]<div id=\"1608562362262-1272a7e3-40f3\" class=\"dt-sc-empty-space\"><\/div><div class='dt-sc-title mz-stripe-title  aligncenter' data-delay='0'><div class='mz-stripe-title-content'><h6 class='dt-sc-main-heading'>T\u00fcrk bilim insan\u0131 Dr. H\u00fcseyin Sancar Bozkurt 1886\u2019da kurulan, d\u00fcnyan\u0131n en eski bilim kurullardan biri olan, M\u00fchendislik-Fen ve Temel bilimler odakl\u0131 Sigma Xi onur kuruluna \u00f6zel davetle tam \u00fcyelik kabul\u00fc ald\u0131.<\/h6><\/div><\/div><div id=\"1608034108536-33d911bb-496a\" class=\"dt-sc-empty-space\"><\/div>[vc_column_text css_animation=&#8221;none&#8221; css=&#8221;.vc_custom_1741972146292{margin-top: -10px !important;padding-top: -10px !important;}&#8221;]Gastroenteroloji ve mikrobiyota alan\u0131nda yenilik\u00e7i yakla\u015f\u0131mlar\u0131yla tan\u0131nan Dr. Bozkurt, Endoskopik Bifidobacterium Uygulamas\u0131 \/ \u0130kinci Bakteriyel Transfer Tedavisi\u2019nin bulu\u015f\u00e7usudur. \u00c7\u0131\u011f\u0131r a\u00e7an bilimsel \u00e7al\u0131\u015fmalar\u0131yla, mikroplastiklerin Bifidobacterium taraf\u0131ndan biyolojik olarak par\u00e7alanabildi\u011fini ilk kez kan\u0131tlayan ara\u015ft\u0131rmac\u0131 olma unvan\u0131n\u0131 ta\u015f\u0131maktad\u0131r. Alan\u0131ndaki katk\u0131lar\u0131, \u00e7ok say\u0131da ulusal ve uluslararas\u0131 bilimsel makale ile literat\u00fcre kazand\u0131r\u0131lm\u0131\u015f olup, uluslararas\u0131 \u00f6d\u00fcllerle de ta\u00e7land\u0131r\u0131lm\u0131\u015ft\u0131r. D\u00fcnyan\u0131n en eski ve prestijli bilim topluluklar\u0131ndan olan Sigma Xi\u2019ye \u00f6zel davetle kabul edilmi\u015ftir.[\/vc_column_text]<a href='https:\/\/www.sigmaxi.org\/' target='_blank' title='' class='dt-sc-button vc_custom_1741972202973  xlarge icon-left with-icon  bordered  aligncenter' data-delay='0'  style=\"font-size:18px;\"> Sigma Xi <\/a>[\/vc_column][\/vc_row][vc_row][vc_column]<div id=\"1607973503804-a0dd3cb2-4aa1\" class=\"dt-sc-empty-space\"><\/div>[\/vc_column][\/vc_row][vc_row full_width=&#8221;stretch_row&#8221; equal_height=&#8221;yes&#8221; content_placement=&#8221;middle&#8221; css=&#8221;.vc_custom_1608563106853{padding-bottom: 25px !important;background-color: #f4f4f4 !important;background-position: 0 0 !important;background-repeat: no-repeat !important;}&#8221; addstyles=&#8221;background-position: left bottom !important;&#8221;][vc_column width=&#8221;1\/2&#8243; el_class=&#8221;rs_col-sm-12&#8243;]<div id=\"1561530153048-1f02e5ef-7f12\" class=\"dt-sc-empty-space\"><\/div><div class='dt-sc-title script-with-sub-title  ' data-delay='0'><h6 class='dt-sc-main-heading'>EN YEN\u0130LER<\/h6><h3 class='dt-sc-sub-heading'>ABD \u00c7evre Bakanl\u0131\u011f\u0131, mikroplastik kirlili\u011fi hakk\u0131ndaki yorumumuzu resmi raporunda yay\u0131nlad\u0131!<\/h3><\/div><div id=\"1561540657728-7c5ce1ee-38ae\" class=\"dt-sc-empty-space\"><\/div>[vc_custom_heading text=&#8221;Bu, sadece bir g\u00f6r\u00fc\u015f de\u011fil, bilimin ve do\u011fan\u0131n birle\u015fti\u011fi devrim niteli\u011finde \u00e7\u00f6z\u00fcm\u00fcm\u00fcz\u00fcn de bir kan\u0131t\u0131! Mikroplastiklere kar\u015f\u0131 geli\u015ftirdi\u011fimiz probiyotiklerle: Mikroplastikleri yok ediyoruz! Probif, kanalizasyon at\u0131\u011f\u0131n\u0131 temiz suya d\u00f6n\u00fc\u015ft\u00fcr\u00fcyor! Do\u011fada \u00e7\u00f6z\u00fcnebilen g\u0131da ambalajlar\u0131 ve biyoplastikler \u00fcretiyoruz! Bilimle gelece\u011fi de\u011fi\u015ftiriyoruz.&#8221; font_container=&#8221;tag:p|text_align:left|color:%2311436F&#8221; use_theme_fonts=&#8221;yes&#8221; css=&#8221;.vc_custom_1741972482876{margin-bottom: 30px !important;}&#8221;]<div id=\"1561540657840-983d7918-b770\" class=\"dt-sc-empty-space\"><\/div>[vc_row_inner el_class=&#8221;flex-col-elements-inline-middle&#8221;][vc_column_inner]<a href='https:\/\/www.regulations.gov\/comment\/EPA-HQ-OLEM-2023-0228-0093' target='_blank' title='' class='dt-sc-button vc_custom_1741894219462  small icon-right with-icon  bordered  type2' data-delay='0' > Comment submitted by H\u00fcseyin Sancar Bozkurt <\/a>[\/vc_column_inner][\/vc_row_inner][\/vc_column][vc_column width=&#8221;1\/2&#8243; addstyles=&#8221;position: static;&#8221; css=&#8221;.vc_custom_1561620407800{padding-left: 10% !important;}&#8221; el_class=&#8221;rs_col-sm-12 rs_padding_override_default-sm rs_padding_override_default&#8221;]<div id=\"1561542705706-6135e035-cc28\" class=\"dt-sc-empty-space\"><\/div>[vc_row_inner el_class=&#8221;custom-video-player&#8221;][vc_column_inner][vc_single_image image=&#8221;21788&#8243; img_size=&#8221;medium&#8221; css=&#8221;&#8221;][\/vc_column_inner][\/vc_row_inner][\/vc_column][\/vc_row][\/vc_section][vc_row][vc_column]<div id=\"1608547001996-d51e447d-f144\" class=\"dt-sc-empty-space\"><\/div><div id=\"1608546909647-9ab0d897-4d88\" class=\"dt-sc-empty-space\"><\/div>[\/vc_column][\/vc_row][vc_row][vc_column]<div class=\"dt-sc-posts-list-wrapper  \" data-delay=\"0\"><div class='dt-sc-warning-box'>No Posts Found<\/div><\/div>[\/vc_column][\/vc_row][vc_section][vc_column][\/vc_column][vc_row][vc_column][vc_copyright postfix=&#8221;H\u00fcseyin Sancar Bozkurt | T\u00fcm Haklar\u0131 Sakl\u0131d\u0131r.&#8221; align=&#8221;center&#8221; css=&#8221;&#8221;][\/vc_column][\/vc_row][vc_row][vc_column][vc_column_text css=&#8221;&#8221;]<\/p>\n<p style=\"text-align: center;\">Bu sitede yer alan bilgiler, konu ile ilgili uzman hekime dan\u0131\u015fmak yerine ge\u00e7emez. Daha fazla bilgi i\u00e7in l\u00fctfen hekiminize ba\u015fvurunuz.<\/p>\n<p>[\/vc_column_text][\/vc_column][\/vc_row][\/vc_section][vc_column][\/vc_column][vc_column][\/vc_column]<\/p>\n<\/div>","protected":false},"excerpt":{"rendered":"<p>[vc_column][\/vc_column][vc_column][\/vc_column][vc_column][\/vc_column][vc_row][vc_column width=&#8221;1\/2&#8243;][vc_btn title=&#8221;DAHA FAZLA&#8221; style=&#8221;gradient-custom&#8221; gradient_custom_color_1=&#8221;#2375BD&#8221; gradient_custom_color_2=&#8221;#5F99CD&#8221; shape=&#8221;square&#8221; size=&#8221;xs&#8221; align=&#8221;center&#8221; css=&#8221;&#8221; link=&#8221;url:https%3A%2F%2Fwww.drhuseyinsancarbozkurt.com%2Fendoskopi%2F&#8221;][\/vc_column][vc_column width=&#8221;1\/2&#8243;][vc_btn title=&#8221;DAHA FAZLA&#8221; style=&#8221;gradient-custom&#8221; gradient_custom_color_1=&#8221;#2375BD&#8221; gradient_custom_color_2=&#8221;#5599CD&#8221; shape=&#8221;square&#8221; size=&#8221;xs&#8221; align=&#8221;center&#8221; css=&#8221;&#8221; link=&#8221;url:https%3A%2F%2Fwww.drhuseyinsancarbozkurt.com%2Fkolonoskopi%2F&#8221;][\/vc_column][\/vc_row][vc_section][vc_column][\/vc_column][vc_row][vc_column][\/vc_column][\/vc_row][vc_row full_width=&#8221;stretch_row&#8221; css=&#8221;.vc_custom_1608550722049{padding-bottom: 60px !important;background-color: #f4f4f4 !important;background-position: 0 0 !important;background-repeat: no-repeat !important;}&#8221; addstyles=&#8221;background-position: right bottom !important;&#8221;][vc_column][vc_row_inner equal_height=&#8221;yes&#8221; content_placement=&#8221;middle&#8221;][vc_column_inner el_class=&#8221;rs_col-sm-12 rs_padding_override_default&#8221; width=&#8221;1\/2&#8243; addstyles=&#8221;position: static;&#8221; css=&#8221;.vc_custom_1561619658121{padding-right: 9% !important;}&#8221;][\/vc_column_inner][vc_column_inner el_class=&#8221;rs_col-sm-12&#8243; width=&#8221;1\/2&#8243;][vc_custom_heading text=&#8221;Dr. H\u00fcseyin Sancar Bozkurt, gastroenteroloji [&hellip;]<\/p>\n","protected":false},"author":1,"featured_media":0,"parent":0,"menu_order":0,"comment_status":"closed","ping_status":"closed","template":"","meta":{"footnotes":""},"class_list":["post-21535","page","type-page","status-publish","hentry"],"_links":{"self":[{"href":"https:\/\/www.drhuseyinsancarbozkurt.com\/en\/wp-json\/wp\/v2\/pages\/21535","targetHints":{"allow":["GET"]}}],"collection":[{"href":"https:\/\/www.drhuseyinsancarbozkurt.com\/en\/wp-json\/wp\/v2\/pages"}],"about":[{"href":"https:\/\/www.drhuseyinsancarbozkurt.com\/en\/wp-json\/wp\/v2\/types\/page"}],"author":[{"embeddable":true,"href":"https:\/\/www.drhuseyinsancarbozkurt.com\/en\/wp-json\/wp\/v2\/users\/1"}],"replies":[{"embeddable":true,"href":"https:\/\/www.drhuseyinsancarbozkurt.com\/en\/wp-json\/wp\/v2\/comments?post=21535"}],"version-history":[{"count":77,"href":"https:\/\/www.drhuseyinsancarbozkurt.com\/en\/wp-json\/wp\/v2\/pages\/21535\/revisions"}],"predecessor-version":[{"id":22066,"href":"https:\/\/www.drhuseyinsancarbozkurt.com\/en\/wp-json\/wp\/v2\/pages\/21535\/revisions\/22066"}],"wp:attachment":[{"href":"https:\/\/www.drhuseyinsancarbozkurt.com\/en\/wp-json\/wp\/v2\/media?parent=21535"}],"curies":[{"name":"wp","href":"https:\/\/api.w.org\/{rel}","templated":true}]}}