{"id":22061,"date":"2025-04-16T13:35:52","date_gmt":"2025-04-16T10:35:52","guid":{"rendered":"https:\/\/www.drhuseyinsancarbozkurt.com\/ozgecmis\/"},"modified":"2025-04-16T17:06:58","modified_gmt":"2025-04-16T14:06:58","slug":"about","status":"publish","type":"page","link":"https:\/\/www.drhuseyinsancarbozkurt.com\/en\/about\/","title":{"rendered":"ABOUT"},"content":{"rendered":"<div class=\"wpb-content-wrapper\"><p>[vc_row full_width=&#8221;stretch_row&#8221; css=&#8221;.vc_custom_1742281152692{padding-top: 40px !important;padding-bottom: 60px !important;background: #f4f4f4 url(https:\/\/www.drhuseyinsancarbozkurt.com\/wp-content\/uploads\/2019\/06\/pattern-bg.png?id=20191) !important;background-position: 0 0 !important;background-repeat: no-repeat !important;}&#8221; addstyles=&#8221;background-position: right bottom !important;&#8221;][vc_column][vc_row_inner equal_height=&#8221;yes&#8221; content_placement=&#8221;middle&#8221;][vc_column_inner el_class=&#8221;rs_col-sm-12&#8243; width=&#8221;1\/2&#8243;][vc_custom_heading text=&#8221;Dr. H\u00fcseyin Sancar Bozkurt<\/p>\n<p>Dr. H\u00fcseyin Sancar Bozkurt graduated from Trakya University Faculty of Medicine and completed his Internal Medicine residency at \u00c7ukurova University Faculty of Medicine. He then specialized in Gastroenterology at Adana Ba\u015fkent University, further strengthening his expertise in this field.<br \/>\nHe continued his academic career for six years as an Assistant Professor at Istanbul Maltepe University Gastroenterology Clinic, focusing extensively on gastrointestinal microbiota and conducting numerous significant scientific studies. He collaborated on microbiome research with the world-renowned gastroenterologist Prof. Dr. Eamonn Quigley.<br \/>\n&#8221; font_container=&#8221;tag:p|text_align:left|color:%23102E48&#8243; use_theme_fonts=&#8221;yes&#8221; css=&#8221;&#8221;][\/vc_column_inner][vc_column_inner width=&#8221;1\/2&#8243;][vc_single_image image=&#8221;21720&#8243; img_size=&#8221;400&#215;400&#8243; alignment=&#8221;center&#8221; css=&#8221;.vc_custom_1742279750737{margin-bottom: 0px !important;}&#8221;][\/vc_column_inner][\/vc_row_inner][vc_row_inner equal_height=&#8221;yes&#8221; content_placement=&#8221;middle&#8221;][vc_column_inner el_class=&#8221;rs_col-sm-12&#8243;]<div id=\"1603461834298-268eb1af-9c84\" class=\"dt-sc-empty-space\"><\/div>[vc_custom_heading text=&#8221;Dr. Bozkurt is known for his innovative approaches in gastroenterology and microbiota research. He is the inventor of the Endoscopic Bifidobacterium Administration\/ Secondary Bacterial Transfer Therapy. His groundbreaking scientific studies earned him the distinction of being the first researcher to prove that microplastics can be biologically degraded by Bifidobacterium. His contributions to the field have been published in numerous national and international scientific articles and have been recognized with prestigious international awards. Additionally, he was invited to join Sigma Xi, one of the world&#8217;s oldest and most esteemed scientific communities.<br \/>\nDr. H\u00fcseyin Sancar Bozkurt is the founder of Bioprobif, a pioneering biotechnology and probiotics company. As part of this initiative, he developed the probiotic product \u201cProbif,\u201d which contains Prebiotic XOS, Probiotic Bifidobacterium Infantis, and Postbiotic Alginate. He also led innovative research in producing biodegradable food packaging and bioplastic materials based on probiotic Bifidobacterium.<\/p>\n<p>International Recognition &#038; AGA Fellow (AGAF) Title<br \/>\nDue to his outstanding scientific contributions and academic achievements in gastroenterology, Dr. H\u00fcseyin Sancar Bozkurt was honored with the prestigious &#8220;AGA Fellow&#8220; (AGAF) title by the American Gastroenterological Association (AGA), one of the world\u2019s leading medical organizations.<br \/>\nThis title is awarded exclusively to individuals who have made profound contributions to the field, distinguishing themselves through academic and clinical excellence. Dr. Bozkurt achieved the remarkable distinction of being only the second Turkish physician in the last 20 years and the sole recipient in the last 11 years. Additionally, he holds the record as the youngest Turkish gastroenterologist to receive this prestigious title.<br \/>\nDr. Bozkurt\u2019s recognition with this award is not only a personal milestone but also a testament to Turkey\u2019s rising prominence in the medical world. Representing his country on an international stage, he continues to inspire young physicians through his academic contributions, groundbreaking research, and commitment to high-quality patient care.<br \/>\n&#8221; font_container=&#8221;tag:p|text_align:left&#8221; use_theme_fonts=&#8221;yes&#8221; css=&#8221;&#8221;]<div id=\"1603462018261-6179d2a3-8a85\" class=\"dt-sc-empty-space\"><\/div>[\/vc_column_inner][\/vc_row_inner][vc_toggle title=&#8221;Publications:&#8221; custom_font_container=&#8221;tag:h5|text_align:left|color:%230E7493&#8243; custom_use_theme_fonts=&#8221;yes&#8221; css=&#8221;.vc_custom_1744811808125{background-color: #EAEAEA !important;}&#8221; use_custom_heading=&#8221;true&#8221;]Hazan\u00a0S,\u00a0Stollman\u00a0N,\u00a0<strong>Bozkurt\u00a0HS<\/strong><em>, et al<\/em> Lost microbes of COVID-19:\u00a0<em>Bifidobacterium<\/em>,\u00a0<em>Faecalibacterium<\/em>\u00a0depletion and decreased microbiome diversity associated with SARS-CoV-2 infection severity <em>BMJ Open Gastroenterology\u00a0<\/em>2022;9:e000871.\u00a0doi:\u00a010.1136\/bmjgast-2022-000871<\/p>\n<p>&nbsp;<\/p>\n<p><strong>H\u00fcseyin Sancar Bozkurt,<\/strong> H\u00fclya Civelek Y\u00f6r\u00fckl\u00fc; Kutsal Bozkurt; Cenk Denkta\u015f; Altan Bozdo\u011fan; Orhan \u00d6zdemir; Bestami \u00d6zkaya; Biodegradation of microplastic by probiotic bifidobacterium International Journal of Global Warming (IJGW), Vol. 26, No. 4, 2022<\/p>\n<p>&nbsp;<\/p>\n<p>Denkta\u015f, C., Baysoy, D. Y., Bozdo\u011fan, A., <strong>Bozkurt, H. S<\/strong>., Bozkurt, K., \u00d6zdemir, O., &amp; Yilmaz, M. (2022). Development and characterization of sodium alginate\/bifidobacterium probiotic biohybrid material used in tissue engineering. <em>Journal of Applied Polymer Science<\/em>, <em>139<\/em>(18), 52086. <a href=\"https:\/\/doi.org\/10.1002\/app.52086\">https:\/\/doi.org\/10.1002\/app.52086<\/a><\/p>\n<p>&nbsp;<\/p>\n<p><strong>Bozkurt, H. S<\/strong>., Bilen, \u00d6. (2021). Oral booster probiotic bifidobacteria in SARS-COV-2 patients. <em>International Journal of Immunopathology and Pharmacology<\/em>. <a href=\"https:\/\/doi.org\/10.1177_20587384211059677\">https:\/\/doi.org\/10.1177_20587384211059677<\/a><\/p>\n<p>&nbsp;<\/p>\n<p><strong>Bozkurt, H. S<\/strong>.,Bilen, \u00d6. (2021). Gastrointestinal symptoms in COVID-19 could be associated with severe lung involvement and increased readmission rates. <em>European Journal of Inflammation<\/em>.\u00a0<a href=\"https:\/\/doi.org\/10.1177_20587392211048259\"> https:\/\/doi.org\/10.1177_20587392211048259<\/a><\/p>\n<p>&nbsp;<\/p>\n<p><strong>Bozkurt HS, <\/strong>Quigley EM. The probiotic Bifidobacterium in the management of Coronavirus: A theoretical basis. International Journal of Immunopathology and Pharmacology. January 2020. doi:10.1177\/2058738420961304<\/p>\n<p>&nbsp;<\/p>\n<p><strong>Bozkurt HS, <\/strong>Kara B. A new treatment for ulcerative colitis: Intracolonic Bifidobacterium and xyloglucan application. European Journal of Inflammation. January 2020. doi:10.1177\/2058739220942626<\/p>\n<p><strong>\u00a0 <\/strong><\/p>\n<p>Bozkurt, C. Denktas, O. Ozdemir, A. Alt\u0131ndal, Z. Avdan<strong>, H. S. Bozkurt.<\/strong> Charge Transport in <em>Bifidobacterium animalis<\/em> subsp.<em>lactis <\/em>BB-12 under Various Atmospheres.OJAPPS 2019. DOI: 10.4236\/ojapps.2019.96040.<\/p>\n<p>&nbsp;<\/p>\n<p><strong>H\u00fcseyin Sancar Bozkurt<\/strong>, Eamonn M. M. Quigley.Bifidobacteria and Mucosal-Associated Invariant T (MAIT) Cells: A New Approach to Colorectal Cancer Prevention?. Gastrointest. Disord. 2019, 1(2), 266-272; <a href=\"https:\/\/www.mdpi.com\/2624-5647\/1\/2\/22\">https:\/\/doi.org\/10.3390\/gidisord1020022<\/a><\/p>\n<p><strong>\u00a0<\/strong><\/p>\n<p><strong>H\u00fcseyin Sancar Bozkurt<\/strong>,Banu Kara<em>.<\/em>Combination of oral vancomycin and intra-colonic vancomycin:<\/p>\n<p>Successful treatment of complicated pseudomembranous colitis in a child patient.SAGE 2019;7: doi: 10.1177\/2050313X19838442<\/p>\n<p>&nbsp;<\/p>\n<p><strong>Bozkurt, H.S<\/strong>., E. MM Quigley, B. Kara, 2019. Bifidobacterium animalis subspecies lactis engineered to produce mycosporin-like amino acids in colorectal cancer prevention. SOM 2019; Vol. 7: 1\u20135<\/p>\n<p><strong>\u00a0<\/strong><\/p>\n<p><strong>H\u00fcseyin Sancar Bozkurt<\/strong>,\u00a0 Banu Kara. Can Fortified Bifidobacterium with Mycosporin-like Amino Acid be a New Insight for Neurological Diseases\u2019 Treatment?. Autism-Open Access 2017, 7:5.DOI: 10.4172\/2165-7890.1000219<\/p>\n<p><strong>Bozkurt HS, <\/strong>Kara B. Bifidobacterium and Mycosporin-like Amino Acid Cooperation: A New Era for Intestinal Diseases Treatment?. J Gastric Disord Ther (2017) 3(2)[\/vc_toggle][vc_toggle title=&#8221;Awards:&#8221; custom_font_container=&#8221;tag:h5|text_align:left|color:%230E7493&#8243; custom_use_theme_fonts=&#8221;yes&#8221; css=&#8221;.vc_custom_1744812116211{background-color: #EAEAEA !important;}&#8221; use_custom_heading=&#8221;true&#8221;]<\/p>\n<ol>\n<li>American Gastroenterological Association \u201cClinician Advice Award 2017\u201d<\/li>\n<\/ol>\n<p><a href=\"https:\/\/www.mdedge.com\/gihepnews\/article\/157083\/register-early-aga-postgraduate-course\">https:\/\/www.mdedge.com\/gihepnews\/article\/157083\/register-early-aga-postgraduate-course<\/a><\/p>\n<ol start=\"2\">\n<li>American Gastroenterological Association \u201c2017 Top Contributor Achievement\u201d<\/li>\n<\/ol>\n<p><a href=\"https:\/\/www.mdedge.com\/gihepnews\/article\/157088\/endoscopy\/2017-gi-thought-leaders\">https:\/\/www.mdedge.com\/gihepnews\/article\/157088\/endoscopy\/2017-gi-thought-leaders<\/a><\/p>\n<ol start=\"3\">\n<li>American Gastroenterological Association Basic Sciences Award (2018)<br \/>\nBIFIDOBACTERIUM ANIMALIS SUBSPECIES LACTIS ENGINEERED TO PRODUCE\u00a0 MYCOSPORIN &#8211; LIKE\u00a0 AMINO ACIDS IN COLORECTAL CANCER PREVENTION. UEG Week 2018 October 20-24, 2018, Vienna \u2013 Austria<\/li>\n<\/ol>\n<ol start=\"6\">\n<li>&#8220;Microbiome from Mother to Child&#8221; Symposia America Scholarship Award, Harnessing the Microbiome for Disease Prevention and Therapy joint with MEETING CHANGE TO VIRTUA: The Microbiome: From \u00a0Mother to Child Organizer(s): Eric G. Pamer, Laurie E. Comstock and Alan Walker Date: January 17 &#8211; 21, 2021, Scholarship award.<\/li>\n<li>COVID19 da \u201cSingle Species Probiotic Bacteria Therapy\u201d at COVID19, Best study and best presentation award, Korean Gastroenterology Week, KGFID award in KDDW2021<\/li>\n<li>Sigma Bilimsel Topluluk tam \u00fcyelik \u00f6d\u00fcl\u00fc. Full Member of Sigma Xi, The Scientific Research Honor Society , 2024<\/li>\n<li>American Gastroenterology Specialty Award, AGA Fellow, 2025<\/li>\n<\/ol>\n<p>[\/vc_toggle][vc_toggle title=&#8221;Fields of Interest:&#8221; custom_font_container=&#8221;tag:h5|text_align:left|color:%230E7493&#8243; custom_use_theme_fonts=&#8221;yes&#8221; css=&#8221;.vc_custom_1744812409298{background-color: #EAEAEA !important;}&#8221; use_custom_heading=&#8221;true&#8221;]<\/p>\n<ul>\n<li>Endoscopy<\/li>\n<li>Colonoscopy<\/li>\n<li>Dysbiosis (Intestinal Flora Disorder)Inflammatory<\/li>\n<li>Intestinal Diseases (Ulcerative Colitis, Crohn&#8217;s, Celiac)<\/li>\n<li>\u0130BS<\/li>\n<li>S\u0130BO<\/li>\n<li>Permeable Intestine<\/li>\n<li>Gut Related Autoimmune Disorders (Hashimoto&#8217;s, DM, Allergy, Urticaria, Eczema, Asthma, Pancreatic disorders)<\/li>\n<li>Functional Diarrhea<\/li>\n<li>Functional Constipation<\/li>\n<li>Intestinal Diverticula<\/li>\n<li>Probiotics<\/li>\n<\/ul>\n<p>[\/vc_toggle][\/vc_column][\/vc_row]<\/p>\n<\/div>","protected":false},"excerpt":{"rendered":"<p>[vc_row full_width=&#8221;stretch_row&#8221; css=&#8221;.vc_custom_1742281152692{padding-top: 40px !important;padding-bottom: 60px !important;background: #f4f4f4 url(https:\/\/www.drhuseyinsancarbozkurt.com\/wp-content\/uploads\/2019\/06\/pattern-bg.png?id=20191) !important;background-position: 0 0 !important;background-repeat: no-repeat !important;}&#8221; addstyles=&#8221;background-position: right bottom !important;&#8221;][vc_column][vc_row_inner equal_height=&#8221;yes&#8221; content_placement=&#8221;middle&#8221;][vc_column_inner el_class=&#8221;rs_col-sm-12&#8243; width=&#8221;1\/2&#8243;][vc_custom_heading text=&#8221;Dr. H\u00fcseyin Sancar Bozkurt Dr. H\u00fcseyin Sancar Bozkurt graduated from Trakya University Faculty of Medicine and completed his Internal Medicine residency at \u00c7ukurova University Faculty of Medicine. He then specialized in Gastroenterology [&hellip;]<\/p>\n","protected":false},"author":1,"featured_media":0,"parent":0,"menu_order":0,"comment_status":"closed","ping_status":"closed","template":"","meta":{"footnotes":""},"class_list":["post-22061","page","type-page","status-publish","hentry"],"_links":{"self":[{"href":"https:\/\/www.drhuseyinsancarbozkurt.com\/en\/wp-json\/wp\/v2\/pages\/22061","targetHints":{"allow":["GET"]}}],"collection":[{"href":"https:\/\/www.drhuseyinsancarbozkurt.com\/en\/wp-json\/wp\/v2\/pages"}],"about":[{"href":"https:\/\/www.drhuseyinsancarbozkurt.com\/en\/wp-json\/wp\/v2\/types\/page"}],"author":[{"embeddable":true,"href":"https:\/\/www.drhuseyinsancarbozkurt.com\/en\/wp-json\/wp\/v2\/users\/1"}],"replies":[{"embeddable":true,"href":"https:\/\/www.drhuseyinsancarbozkurt.com\/en\/wp-json\/wp\/v2\/comments?post=22061"}],"version-history":[{"count":7,"href":"https:\/\/www.drhuseyinsancarbozkurt.com\/en\/wp-json\/wp\/v2\/pages\/22061\/revisions"}],"predecessor-version":[{"id":22126,"href":"https:\/\/www.drhuseyinsancarbozkurt.com\/en\/wp-json\/wp\/v2\/pages\/22061\/revisions\/22126"}],"wp:attachment":[{"href":"https:\/\/www.drhuseyinsancarbozkurt.com\/en\/wp-json\/wp\/v2\/media?parent=22061"}],"curies":[{"name":"wp","href":"https:\/\/api.w.org\/{rel}","templated":true}]}}